{"id":2,"date":"2013-02-19T18:47:48","date_gmt":"2013-02-19T18:47:48","guid":{"rendered":"http:\/\/dilux.jvserver.net\/?page_id=2"},"modified":"2013-02-20T01:51:49","modified_gmt":"2013-02-20T01:51:49","slug":"index","status":"publish","type":"page","link":"https:\/\/dilux.jvserver.net\/","title":{"rendered":"index"},"content":{"rendered":"<p>[vc_column width=&#8221;1\/3&#8243;] [vc_column width=&#8221;1\/3&#8243;] [vc_column width=&#8221;1\/3&#8243; last=&#8221;last&#8221;] [vc_column_text width=&#8221;2\/3&#8243; last=&#8221;last&#8221;]<\/p>\n<h2><a href=\"http:\/\/dilux.jvserver.net\/wp-content\/uploads\/2013\/02\/yes.png\"><!--more--><\/a><a href=\"http:\/\/dilux.jvserver.net\/wp-content\/uploads\/2013\/02\/6.png\"><img loading=\"lazy\" decoding=\"async\" class=\"alignnone size-full wp-image-163\" alt=\"6\" src=\"http:\/\/dilux.jvserver.net\/wp-content\/uploads\/2013\/02\/6.png\" width=\"47\" height=\"40\" \/><\/a>\u00a0A <em><strong>Dilux<\/strong><\/em> tem por objetivo criar a <strong>ilumina\u00e7\u00e3o ideal<\/strong> para cada ambiente,<\/h2>\n<ul>\n<li><span style=\"font-size: 1.17em;\">Possuimos showroom com vasta linha de produtos,<\/span><\/li>\n<li><span style=\"font-size: 1.17em;\">O atendimento \u00e9 feito por Arquitetos e profissionais especialistas em ilumina\u00e7\u00e3o.<\/span><\/li>\n<\/ul>\n<p>[\/vc_column_text] [vc_text_separator title=&#8221;Ambientes Internos&#8221; title_align=&#8221;separator_align_center&#8221; width=&#8221;1\/1&#8243; last=&#8221;last&#8221;] [vc_column width=&#8221;1\/2&#8243;] [vc_column width=&#8221;1\/2&#8243; last=&#8221;last&#8221;] [vc_gallery title=&#8221;Salas&#8221; type=&#8221;nivo&#8221; onclick=&#8221;link_image&#8221; img_size=&#8221;500&#215;250&#8243; images=&#8221;195,194,193,27,29,30,48,47,100,181&#8243; width=&#8221;1\/2&#8243;] [vc_gallery title=&#8221;Cozinhas&#8221; type=&#8221;nivo&#8221; onclick=&#8221;link_image&#8221; img_size=&#8221;500&#215;250&#8243; images=&#8221;198,186,187,141,92,82,77,68,25,24&#8243; width=&#8221;1\/2&#8243; last=&#8221;last&#8221;] [vc_separator width=&#8221;1\/1&#8243; last=&#8221;last&#8221;] [vc_gallery title=&#8221;Quartos&#8221; type=&#8221;fading&#8221; onclick=&#8221;link_image&#8221; img_size=&#8221;500&#215;250&#8243; images=&#8221;190,188,189,153,101,103,71,61&#8243; width=&#8221;1\/2&#8243;] [vc_gallery title=&#8221;Banheiros&#8221; type=&#8221;fading&#8221; onclick=&#8221;link_image&#8221; img_size=&#8221;500&#215;250&#8243; images=&#8221;88,86,84,78,70,74,75&#8243; width=&#8221;1\/2&#8243; last=&#8221;last&#8221;] [vc_separator width=&#8221;1\/1&#8243; last=&#8221;last&#8221;] [vc_text_separator title=&#8221;Ambientes Externos&#8221; title_align=&#8221;separator_align_center&#8221; width=&#8221;1\/1&#8243; last=&#8221;last&#8221;] [vc_gallery title=&#8221;Exterior&#8221; type=&#8221;nivo&#8221; onclick=&#8221;link_image&#8221; img_size=&#8221;500&#215;250&#8243; images=&#8221;175,183,182,180,179,176,173,155&#8243; width=&#8221;1\/2&#8243;] [vc_gallery title=&#8221;Diversos&#8221; type=&#8221;nivo&#8221; onclick=&#8221;link_image&#8221; img_size=&#8221;500&#215;250&#8243; images=&#8221;102,99,87,85,73,66,65,62,59,57,55,51,50,48,47,46,45,40,39,38,32,22,19,18&#8243; width=&#8221;1\/2&#8243; last=&#8221;last&#8221;] [vc_bg_color hex=&#8221;#131313&#8243; width=&#8221;1\/1&#8243; last=&#8221;last&#8221;] [vc_column_text width=&#8221;1\/2&#8243; last=&#8221;last&#8221;]<\/p>\n<h2><strong>Dilux Ilumina\u00e7\u00e3o<\/strong><\/h2>\n<p>Av. Marcelo Stefani, n\u00ba 55, SL 01 <br \/>Shopping Jaguari &#8211; Jd. do Lago<br \/>Bragan\u00e7a Paulista -SP<br \/>CEP 12914-490<\/p>\n<p><strong>(11) 4032-7189<\/strong><\/p>\n<p>[\/vc_column_text] [vc_cta_button title=&#8221;Or\u00e7amento&#8221; color=&#8221;button_grey&#8221; icon=&#8221;none&#8221; target=&#8221;_self&#8221; position=&#8221;cta_align_right&#8221; call_text=&#8221;Envie-nos sua planta e solicite um or\u00e7amento.&#8221; width=&#8221;1\/1&#8243; last=&#8221;last&#8221;]<\/p>\n<div class=\"veu_socialSet veu_socialSet-position-after veu_contentAddSection\"><script>window.twttr=(function(d,s,id){var js,fjs=d.getElementsByTagName(s)[0],t=window.twttr||{};if(d.getElementById(id))return t;js=d.createElement(s);js.id=id;js.src=\"https:\/\/platform.twitter.com\/widgets.js\";fjs.parentNode.insertBefore(js,fjs);t._e=[];t.ready=function(f){t._e.push(f);};return t;}(document,\"script\",\"twitter-wjs\"));<\/script><ul><li class=\"sb_facebook sb_icon\"><a class=\"sb_icon_inner\" href=\"\/\/www.facebook.com\/sharer.php?src=bm&u=https%3A%2F%2Fdilux.jvserver.net%2F&amp;t=Dilux%20Ilumina%C3%A7%C3%A3o\" target=\"_blank\" onclick=\"window.open(this.href,'FBwindow','width=650,height=450,menubar=no,toolbar=no,scrollbars=yes');return false;\"><span class=\"vk_icon_w_r_sns_fb icon_sns\"><\/span><span class=\"sns_txt\">Facebook<\/span><span class=\"veu_count_sns_fb\"><\/span><\/a><\/li><li class=\"sb_x_twitter sb_icon\"><a class=\"sb_icon_inner\" href=\"\/\/twitter.com\/intent\/tweet?url=https%3A%2F%2Fdilux.jvserver.net%2F&amp;text=Dilux%20Ilumina%C3%A7%C3%A3o\" target=\"_blank\" ><span class=\"vk_icon_w_r_sns_x_twitter icon_sns\"><\/span><span class=\"sns_txt\">X<\/span><\/a><\/li><li class=\"sb_hatena sb_icon\"><a class=\"sb_icon_inner\" href=\"\/\/b.hatena.ne.jp\/add?mode=confirm&url=https%3A%2F%2Fdilux.jvserver.net%2F&amp;title=Dilux%20Ilumina%C3%A7%C3%A3o\" target=\"_blank\"  onclick=\"window.open(this.href,'Hatenawindow','width=650,height=450,menubar=no,toolbar=no,scrollbars=yes');return false;\"><span class=\"vk_icon_w_r_sns_hatena icon_sns\"><\/span><span class=\"sns_txt\">Hatena<\/span><span class=\"veu_count_sns_hb\"><\/span><\/a><\/li><li class=\"sb_pocket sb_icon\"><a class=\"sb_icon_inner\"  href=\"\/\/getpocket.com\/edit?url=https%3A%2F%2Fdilux.jvserver.net%2F&title=Dilux%20Ilumina%C3%A7%C3%A3o\" target=\"_blank\"  onclick=\"window.open(this.href,'Pokcetwindow','width=650,height=450,menubar=no,toolbar=no,scrollbars=yes');return false;\"><span class=\"vk_icon_w_r_sns_pocket icon_sns\"><\/span><span class=\"sns_txt\">Pocket<\/span><span class=\"veu_count_sns_pocket\"><\/span><\/a><\/li><li class=\"sb_copy sb_icon\"><button class=\"copy-button sb_icon_inner\"data-clipboard-text=\"Dilux Ilumina\u00e7\u00e3o https:\/\/dilux.jvserver.net\/\"><span class=\"vk_icon_w_r_sns_copy icon_sns\"><i class=\"fas fa-copy\"><\/i><\/span><span class=\"sns_txt\">Copy<\/span><\/button><\/li><\/ul><\/div><!-- [ \/.socialSet ] -->","protected":false},"excerpt":{"rendered":"<p>[vc_column width=&#8221;1\/3&#8243;] [vc_column width=&#8221;1\/3&#8243;] [vc_column width=&#8221;1\/3&#8243; last=&#8221;last&#8221;] [vc_column_text width=&#8221;2\/3&#8243; last=&#8221;last&#8221;]<\/p>\n","protected":false},"author":1,"featured_media":0,"parent":0,"menu_order":0,"comment_status":"closed","ping_status":"open","template":"","meta":{"vkexunit_cta_each_option":"","footnotes":""},"class_list":["post-2","page","type-page","status-publish","hentry"],"_links":{"self":[{"href":"https:\/\/dilux.jvserver.net\/index.php?rest_route=\/wp\/v2\/pages\/2","targetHints":{"allow":["GET"]}}],"collection":[{"href":"https:\/\/dilux.jvserver.net\/index.php?rest_route=\/wp\/v2\/pages"}],"about":[{"href":"https:\/\/dilux.jvserver.net\/index.php?rest_route=\/wp\/v2\/types\/page"}],"author":[{"embeddable":true,"href":"https:\/\/dilux.jvserver.net\/index.php?rest_route=\/wp\/v2\/users\/1"}],"replies":[{"embeddable":true,"href":"https:\/\/dilux.jvserver.net\/index.php?rest_route=%2Fwp%2Fv2%2Fcomments&post=2"}],"version-history":[{"count":33,"href":"https:\/\/dilux.jvserver.net\/index.php?rest_route=\/wp\/v2\/pages\/2\/revisions"}],"predecessor-version":[{"id":14,"href":"https:\/\/dilux.jvserver.net\/index.php?rest_route=\/wp\/v2\/pages\/2\/revisions\/14"}],"wp:attachment":[{"href":"https:\/\/dilux.jvserver.net\/index.php?rest_route=%2Fwp%2Fv2%2Fmedia&parent=2"}],"curies":[{"name":"wp","href":"https:\/\/api.w.org\/{rel}","templated":true}]}}